{"id":476,"date":"2020-11-30T19:44:22","date_gmt":"2020-11-30T17:44:22","guid":{"rendered":"http:\/\/aleksimo.net\/public_html\/?page_id=476"},"modified":"2021-05-31T11:45:52","modified_gmt":"2021-05-31T08:45:52","slug":"keramiikka","status":"publish","type":"page","link":"https:\/\/aleksimo.net\/?page_id=476","title":{"rendered":"Keramiikka"},"content":{"rendered":"\n<p><strong><em>Aitoa LAPPILAISTA K\u00c4SITY\u00d6T\u00c4.<\/em><\/strong><\/p>\n\n\n\n<p>Valmistan tuotteet omassa pikkupajassani. T\u00e4\u00e4ll\u00e4 voit  <em>sopimuksen mukaan <\/em>k\u00e4yd\u00e4 ostoksilla tai voit tilata tuotteita puhelimitse:  <strong>Soita<\/strong> tai laita<strong> viesti <\/strong><em>puhelimeeni\/s.postiin <\/em>ja kerro mink\u00e4 tuotteet haluat tilata. Kun maksusuoritus n\u00e4kyy tilill\u00e4ni, l\u00e4het\u00e4n paketin ilmoittamaasi osoitteseen. <\/p>\n\n\n\n<p>                                 Hinta: <em>tuote + pakkaus-\/l\u00e4hetyskulut<\/em><\/p>\n\n\n\n<p><strong><em>Tiedustelethan tuotteesta tarkemmin  s.postilla tai puhelimitse, ennen kuin tilaat, jotta v\u00e4ltyt\u00e4\u00e4n turhilta tuotepalautuksilta!<\/em><\/strong><br><\/p>\n\n\n\n<p>T\u00e4ss\u00e4 muutamia koruja.<\/p>\n\n\n\n<figure class=\"wp-block-gallery columns-1 is-cropped wp-block-gallery-1 is-layout-flex wp-block-gallery-is-layout-flex\"><ul class=\"blocks-gallery-grid\"><li class=\"blocks-gallery-item\"><figure><a href=\"https:\/\/aleksimo.net\/public_html\/wp-content\/uploads\/2021\/05\/IMG_0828.jpg\"><img loading=\"lazy\" decoding=\"async\" width=\"1024\" height=\"768\" src=\"https:\/\/aleksimo.net\/public_html\/wp-content\/uploads\/2021\/05\/IMG_0828-1024x768.jpg\" alt=\"\" data-id=\"519\" data-full-url=\"https:\/\/aleksimo.net\/public_html\/wp-content\/uploads\/2021\/05\/IMG_0828.jpg\" data-link=\"https:\/\/aleksimo.net\/public_html\/?attachment_id=519\" class=\"wp-image-519\" srcset=\"https:\/\/aleksimo.net\/wp-content\/uploads\/2021\/05\/IMG_0828-1024x768.jpg 1024w, https:\/\/aleksimo.net\/wp-content\/uploads\/2021\/05\/IMG_0828-300x225.jpg 300w, https:\/\/aleksimo.net\/wp-content\/uploads\/2021\/05\/IMG_0828-768x576.jpg 768w, https:\/\/aleksimo.net\/wp-content\/uploads\/2021\/05\/IMG_0828-1536x1152.jpg 1536w, https:\/\/aleksimo.net\/wp-content\/uploads\/2021\/05\/IMG_0828.jpg 2016w\" sizes=\"auto, (max-width: 1024px) 100vw, 1024px\" \/><\/a><\/figure><\/li><\/ul><\/figure>\n\n\n\n<div class=\"wp-block-columns is-layout-flex wp-container-core-columns-is-layout-9d6595d7 wp-block-columns-is-layout-flex\">\n<div class=\"wp-block-column is-layout-flow wp-block-column-is-layout-flow\" style=\"flex-basis:100%\">\n<div class=\"wp-block-group\"><div class=\"wp-block-group__inner-container is-layout-flow wp-block-group-is-layout-flow\">\n<div class=\"wp-block-file\"><a href=\"https:\/\/aleksimo.net\/public_html\/wp-content\/uploads\/2021\/05\/IMG_0836-768x1024.jpg\" class=\"wp-block-file__button\" download>Lataa<\/a><\/div>\n\n\n\n<figure class=\"wp-block-image size-large is-resized\"><a href=\"https:\/\/aleksimo.net\/public_html\/wp-content\/uploads\/2021\/05\/IMG_0837.jpg\"><img loading=\"lazy\" decoding=\"async\" src=\"https:\/\/aleksimo.net\/public_html\/wp-content\/uploads\/2021\/05\/IMG_0837.jpg\" alt=\"\" class=\"wp-image-526\" width=\"228\" height=\"304\" srcset=\"https:\/\/aleksimo.net\/wp-content\/uploads\/2021\/05\/IMG_0837.jpg 756w, https:\/\/aleksimo.net\/wp-content\/uploads\/2021\/05\/IMG_0837-225x300.jpg 225w\" sizes=\"auto, (max-width: 228px) 100vw, 228px\" \/><\/a><\/figure>\n<\/div><\/div>\n<\/div>\n<\/div>\n\n\n\n\n\n<figure class=\"wp-block-image size-large is-resized\"><a href=\"https:\/\/aleksimo.net\/public_html\/wp-content\/uploads\/2021\/05\/IMG_E0818.jpg\"><img loading=\"lazy\" decoding=\"async\" src=\"https:\/\/aleksimo.net\/public_html\/wp-content\/uploads\/2021\/05\/IMG_E0818-1024x763.jpg\" alt=\"\" class=\"wp-image-520\" width=\"224\" height=\"167\" srcset=\"https:\/\/aleksimo.net\/wp-content\/uploads\/2021\/05\/IMG_E0818-1024x763.jpg 1024w, https:\/\/aleksimo.net\/wp-content\/uploads\/2021\/05\/IMG_E0818-300x224.jpg 300w, https:\/\/aleksimo.net\/wp-content\/uploads\/2021\/05\/IMG_E0818-768x572.jpg 768w, https:\/\/aleksimo.net\/wp-content\/uploads\/2021\/05\/IMG_E0818.jpg 1283w\" sizes=\"auto, (max-width: 224px) 100vw, 224px\" \/><\/a><\/figure>\n\n\n\n<p>                                         <br><em> <\/em><\/p>\n\n\n\n<figure class=\"wp-block-image size-large is-resized\"><a href=\"https:\/\/aleksimo.net\/public_html\/wp-content\/uploads\/2021\/05\/IMG_E0819-2-scaled.jpg\"><img loading=\"lazy\" decoding=\"async\" src=\"https:\/\/aleksimo.net\/public_html\/wp-content\/uploads\/2021\/05\/IMG_E0819-2-1024x512.jpg\" alt=\"\" class=\"wp-image-524\" width=\"230\" height=\"115\" srcset=\"https:\/\/aleksimo.net\/wp-content\/uploads\/2021\/05\/IMG_E0819-2-1024x512.jpg 1024w, https:\/\/aleksimo.net\/wp-content\/uploads\/2021\/05\/IMG_E0819-2-300x150.jpg 300w, https:\/\/aleksimo.net\/wp-content\/uploads\/2021\/05\/IMG_E0819-2-768x384.jpg 768w, https:\/\/aleksimo.net\/wp-content\/uploads\/2021\/05\/IMG_E0819-2-1536x767.jpg 1536w, https:\/\/aleksimo.net\/wp-content\/uploads\/2021\/05\/IMG_E0819-2-2048x1023.jpg 2048w\" sizes=\"auto, (max-width: 230px) 100vw, 230px\" \/><\/a><\/figure>\n\n\n\n<p><br><\/p>\n\n\n\n<figure class=\"wp-block-image size-large is-resized\"><a href=\"https:\/\/aleksimo.net\/public_html\/wp-content\/uploads\/2021\/05\/IMG_0836-1.jpg\"><img loading=\"lazy\" decoding=\"async\" src=\"https:\/\/aleksimo.net\/public_html\/wp-content\/uploads\/2021\/05\/IMG_0836-1-768x1024.jpg\" alt=\"\" class=\"wp-image-536\" width=\"233\" height=\"310\" srcset=\"https:\/\/aleksimo.net\/wp-content\/uploads\/2021\/05\/IMG_0836-1-768x1024.jpg 768w, https:\/\/aleksimo.net\/wp-content\/uploads\/2021\/05\/IMG_0836-1-225x300.jpg 225w, https:\/\/aleksimo.net\/wp-content\/uploads\/2021\/05\/IMG_0836-1-1152x1536.jpg 1152w, https:\/\/aleksimo.net\/wp-content\/uploads\/2021\/05\/IMG_0836-1.jpg 1512w\" sizes=\"auto, (max-width: 233px) 100vw, 233px\" \/><\/a><\/figure>\n\n\n\n<figure class=\"wp-block-image size-large is-resized\"><a href=\"https:\/\/aleksimo.net\/public_html\/wp-content\/uploads\/2021\/05\/FABG9285.jpg\"><img loading=\"lazy\" decoding=\"async\" src=\"https:\/\/aleksimo.net\/public_html\/wp-content\/uploads\/2021\/05\/FABG9285-1024x1024.jpg\" alt=\"\" class=\"wp-image-538\" width=\"233\" height=\"233\" srcset=\"https:\/\/aleksimo.net\/wp-content\/uploads\/2021\/05\/FABG9285-1024x1024.jpg 1024w, https:\/\/aleksimo.net\/wp-content\/uploads\/2021\/05\/FABG9285-300x300.jpg 300w, https:\/\/aleksimo.net\/wp-content\/uploads\/2021\/05\/FABG9285-150x150.jpg 150w, https:\/\/aleksimo.net\/wp-content\/uploads\/2021\/05\/FABG9285-768x768.jpg 768w, https:\/\/aleksimo.net\/wp-content\/uploads\/2021\/05\/FABG9285-1536x1536.jpg 1536w, https:\/\/aleksimo.net\/wp-content\/uploads\/2021\/05\/FABG9285-2048x2048.jpg 2048w\" sizes=\"auto, (max-width: 233px) 100vw, 233px\" \/><\/a><\/figure>\n","protected":false},"excerpt":{"rendered":"<p>Aitoa LAPPILAISTA K\u00c4SITY\u00d6T\u00c4. Valmistan tuotteet omassa pikkupajassani. T\u00e4\u00e4ll\u00e4 voit sopimuksen mukaan k\u00e4yd\u00e4 ostoksilla tai voit tilata tuotteita puhelimitse: Soita tai laita viesti puhelimeeni\/s.postiin ja kerro mink\u00e4 tuotteet haluat tilata. Kun maksusuoritus n\u00e4kyy tilill\u00e4ni, l\u00e4het\u00e4n paketin ilmoittamaasi osoitteseen. Hinta: tuote + &hellip; <a href=\"https:\/\/aleksimo.net\/?page_id=476\">Lue loppuun <span class=\"meta-nav\">&rarr;<\/span><\/a><\/p>\n","protected":false},"author":1,"featured_media":0,"parent":0,"menu_order":0,"comment_status":"closed","ping_status":"closed","template":"","meta":{"footnotes":""},"class_list":["post-476","page","type-page","status-publish","hentry"],"_links":{"self":[{"href":"https:\/\/aleksimo.net\/index.php?rest_route=\/wp\/v2\/pages\/476","targetHints":{"allow":["GET"]}}],"collection":[{"href":"https:\/\/aleksimo.net\/index.php?rest_route=\/wp\/v2\/pages"}],"about":[{"href":"https:\/\/aleksimo.net\/index.php?rest_route=\/wp\/v2\/types\/page"}],"author":[{"embeddable":true,"href":"https:\/\/aleksimo.net\/index.php?rest_route=\/wp\/v2\/users\/1"}],"replies":[{"embeddable":true,"href":"https:\/\/aleksimo.net\/index.php?rest_route=%2Fwp%2Fv2%2Fcomments&post=476"}],"version-history":[{"count":12,"href":"https:\/\/aleksimo.net\/index.php?rest_route=\/wp\/v2\/pages\/476\/revisions"}],"predecessor-version":[{"id":539,"href":"https:\/\/aleksimo.net\/index.php?rest_route=\/wp\/v2\/pages\/476\/revisions\/539"}],"wp:attachment":[{"href":"https:\/\/aleksimo.net\/index.php?rest_route=%2Fwp%2Fv2%2Fmedia&parent=476"}],"curies":[{"name":"wp","href":"https:\/\/api.w.org\/{rel}","templated":true}]}}