{"id":334,"date":"2018-07-29T12:59:12","date_gmt":"2018-07-29T09:59:12","guid":{"rendered":"http:\/\/aleksimo.net\/public_html\/?page_id=334"},"modified":"2020-12-01T08:27:51","modified_gmt":"2020-12-01T06:27:51","slug":"satukirja","status":"publish","type":"page","link":"https:\/\/aleksimo.net\/?page_id=334","title":{"rendered":"Satukirja"},"content":{"rendered":"<p><a href=\"https:\/\/aleksimo.net\/public_html\/wp-content\/uploads\/2019\/02\/20181209_084914.jpg\"><img loading=\"lazy\" decoding=\"async\" class=\"alignnone  wp-image-351\" src=\"https:\/\/aleksimo.net\/public_html\/wp-content\/uploads\/2019\/02\/20181209_084914-300x218.jpg\" alt=\"\" width=\"305\" height=\"222\" srcset=\"https:\/\/aleksimo.net\/wp-content\/uploads\/2019\/02\/20181209_084914-300x218.jpg 300w, https:\/\/aleksimo.net\/wp-content\/uploads\/2019\/02\/20181209_084914-768x559.jpg 768w, https:\/\/aleksimo.net\/wp-content\/uploads\/2019\/02\/20181209_084914-1024x746.jpg 1024w\" sizes=\"auto, (max-width: 305px) 100vw, 305px\" \/><\/a><a href=\"https:\/\/aleksimo.net\/public_html\/wp-content\/uploads\/2019\/02\/20181216_191455.jpg\"><img loading=\"lazy\" decoding=\"async\" class=\"alignnone size-medium wp-image-366\" src=\"https:\/\/aleksimo.net\/public_html\/wp-content\/uploads\/2019\/02\/20181216_191455-300x190.jpg\" alt=\"\" width=\"300\" height=\"190\" srcset=\"https:\/\/aleksimo.net\/wp-content\/uploads\/2019\/02\/20181216_191455-300x190.jpg 300w, https:\/\/aleksimo.net\/wp-content\/uploads\/2019\/02\/20181216_191455-768x486.jpg 768w, https:\/\/aleksimo.net\/wp-content\/uploads\/2019\/02\/20181216_191455-1024x648.jpg 1024w\" sizes=\"auto, (max-width: 300px) 100vw, 300px\" \/><\/a><\/p>\n<p><strong>ONDI ja HELEMA<\/strong>, oksat pois-poksat ois \/ <strong>ONDY and HELEMA<\/strong>, oh dear-oh deer<\/p>\n<p>Tarina kertoo poroperheiden p\u00e4iv\u00e4st\u00e4, kun he odottavat Poro-Poppoota visiitille kesken joulukiireiden. Gl\u00f6gi\u00e4 valmistaessa sattuu pieni kommellus, josta seuraa kuitenkin pelkk\u00e4\u00e4 hyv\u00e4\u00e4.<\/p>\n<p><em>Satukirja ja v\u00e4ritysteht\u00e4v\u00e4kirja o<\/em>vat vuodenajasta riippumatta mukava, aito lappilainen tuliainen niin lapsille, kuin aikuisillekkin.<\/p>\n<p>Englanninkielinen v\u00e4ritysteht\u00e4v\u00e4kirja on sis\u00e4ll\u00f6lt\u00e4\u00e4n erilainen, kuin suomenkielinen.<\/p>\n<p>Tarinan on k\u00e4\u00e4nt\u00e4nyt englanninkielelle <strong><em>Noora Sinbel<\/em><\/strong><\/p>\n<p><strong>Ondi ja Helema<\/strong>, osa 1.<\/p>\n<p><a href=\"https:\/\/aleksimo.net\/public_html\/wp-content\/uploads\/2018\/07\/20180727_224539.jpg\"><img loading=\"lazy\" decoding=\"async\" class=\"alignnone size-medium wp-image-333\" src=\"https:\/\/aleksimo.net\/public_html\/wp-content\/uploads\/2018\/07\/20180727_224539-300x169.jpg\" alt=\"\" width=\"300\" height=\"169\" srcset=\"https:\/\/aleksimo.net\/wp-content\/uploads\/2018\/07\/20180727_224539-300x169.jpg 300w, https:\/\/aleksimo.net\/wp-content\/uploads\/2018\/07\/20180727_224539-768x432.jpg 768w, https:\/\/aleksimo.net\/wp-content\/uploads\/2018\/07\/20180727_224539-1024x576.jpg 1024w\" sizes=\"auto, (max-width: 300px) 100vw, 300px\" \/><\/a><a href=\"https:\/\/aleksimo.net\/public_html\/wp-content\/uploads\/2018\/07\/20180727_224524.jpg\"><img loading=\"lazy\" decoding=\"async\" class=\"alignnone size-medium wp-image-336\" src=\"https:\/\/aleksimo.net\/public_html\/wp-content\/uploads\/2018\/07\/20180727_224524-300x169.jpg\" alt=\"\" width=\"300\" height=\"169\" srcset=\"https:\/\/aleksimo.net\/wp-content\/uploads\/2018\/07\/20180727_224524-300x169.jpg 300w, https:\/\/aleksimo.net\/wp-content\/uploads\/2018\/07\/20180727_224524-768x432.jpg 768w, https:\/\/aleksimo.net\/wp-content\/uploads\/2018\/07\/20180727_224524-1024x576.jpg 1024w\" sizes=\"auto, (max-width: 300px) 100vw, 300px\" \/><\/a><\/p>\n<p><strong>LORULOITA<\/strong><\/p>\n<p>Loruja suomeksi ja englanniksi.<a href=\"https:\/\/aleksimo.net\/public_html\/wp-content\/uploads\/2020\/08\/20200213_125040-e1597062060458.jpg\"><img loading=\"lazy\" decoding=\"async\" class=\"size-medium wp-image-448 alignleft\" src=\"https:\/\/aleksimo.net\/public_html\/wp-content\/uploads\/2020\/08\/20200213_125040-e1597062060458-219x300.jpg\" alt=\"\" width=\"219\" height=\"300\" srcset=\"https:\/\/aleksimo.net\/wp-content\/uploads\/2020\/08\/20200213_125040-e1597062060458-219x300.jpg 219w, https:\/\/aleksimo.net\/wp-content\/uploads\/2020\/08\/20200213_125040-e1597062060458-768x1053.jpg 768w, https:\/\/aleksimo.net\/wp-content\/uploads\/2020\/08\/20200213_125040-e1597062060458-747x1024.jpg 747w\" sizes=\"auto, (max-width: 219px) 100vw, 219px\" \/><\/a><\/p>\n","protected":false},"excerpt":{"rendered":"<p>ONDI ja HELEMA, oksat pois-poksat ois \/ ONDY and HELEMA, oh dear-oh deer Tarina kertoo poroperheiden p\u00e4iv\u00e4st\u00e4, kun he odottavat Poro-Poppoota visiitille kesken joulukiireiden. Gl\u00f6gi\u00e4 valmistaessa sattuu pieni kommellus, josta seuraa kuitenkin pelkk\u00e4\u00e4 hyv\u00e4\u00e4. Satukirja ja v\u00e4ritysteht\u00e4v\u00e4kirja ovat vuodenajasta riippumatta &hellip; <a href=\"https:\/\/aleksimo.net\/?page_id=334\">Lue loppuun <span class=\"meta-nav\">&rarr;<\/span><\/a><\/p>\n","protected":false},"author":1,"featured_media":0,"parent":0,"menu_order":0,"comment_status":"closed","ping_status":"closed","template":"","meta":{"footnotes":""},"class_list":["post-334","page","type-page","status-publish","hentry"],"_links":{"self":[{"href":"https:\/\/aleksimo.net\/index.php?rest_route=\/wp\/v2\/pages\/334","targetHints":{"allow":["GET"]}}],"collection":[{"href":"https:\/\/aleksimo.net\/index.php?rest_route=\/wp\/v2\/pages"}],"about":[{"href":"https:\/\/aleksimo.net\/index.php?rest_route=\/wp\/v2\/types\/page"}],"author":[{"embeddable":true,"href":"https:\/\/aleksimo.net\/index.php?rest_route=\/wp\/v2\/users\/1"}],"replies":[{"embeddable":true,"href":"https:\/\/aleksimo.net\/index.php?rest_route=%2Fwp%2Fv2%2Fcomments&post=334"}],"version-history":[{"count":7,"href":"https:\/\/aleksimo.net\/index.php?rest_route=\/wp\/v2\/pages\/334\/revisions"}],"predecessor-version":[{"id":488,"href":"https:\/\/aleksimo.net\/index.php?rest_route=\/wp\/v2\/pages\/334\/revisions\/488"}],"wp:attachment":[{"href":"https:\/\/aleksimo.net\/index.php?rest_route=%2Fwp%2Fv2%2Fmedia&parent=334"}],"curies":[{"name":"wp","href":"https:\/\/api.w.org\/{rel}","templated":true}]}}