{"id":188,"date":"2017-08-13T15:41:19","date_gmt":"2017-08-13T12:41:19","guid":{"rendered":"http:\/\/aleksimo.net\/public_html\/?page_id=188"},"modified":"2017-08-13T15:41:24","modified_gmt":"2017-08-13T12:41:24","slug":"suolakaare-tulehdukseen","status":"publish","type":"page","link":"https:\/\/aleksimo.net\/?page_id=188","title":{"rendered":"Suolak\u00e4\u00e4re tulehdukseen"},"content":{"rendered":"<ul>\n<li>1 litra vett\u00e4<\/li>\n<li>3 rkl karkeaa merisuolaa<\/li>\n<\/ul>\n<p>Suola liotetaan ensin l\u00e4mpim\u00e4\u00e4n veteen, jonka j\u00e4lkeen lis\u00e4t\u00e4\u00e4n kylm\u00e4\u00e4 vett\u00e4 niin, ett\u00e4 tulee litran annos<\/p>\n<p>(n. 22 asteinen seos). T\u00e4m\u00e4n j\u00e4lkeen kastellaan pyyhe seokseen , puristetaan liiat vedet pois ja pyyhe laitetaan kipukohtaan.<\/p>\n<p>Noin tunti, kolme kertaa vuorokaudessa, kolmen vuorokauden ajan.<\/p>\n","protected":false},"excerpt":{"rendered":"<p>1 litra vett\u00e4 3 rkl karkeaa merisuolaa Suola liotetaan ensin l\u00e4mpim\u00e4\u00e4n veteen, jonka j\u00e4lkeen lis\u00e4t\u00e4\u00e4n kylm\u00e4\u00e4 vett\u00e4 niin, ett\u00e4 tulee litran annos (n. 22 asteinen seos). T\u00e4m\u00e4n j\u00e4lkeen kastellaan pyyhe seokseen , puristetaan liiat vedet pois ja pyyhe laitetaan kipukohtaan. &hellip; <a href=\"https:\/\/aleksimo.net\/?page_id=188\">Lue loppuun <span class=\"meta-nav\">&rarr;<\/span><\/a><\/p>\n","protected":false},"author":1,"featured_media":0,"parent":0,"menu_order":0,"comment_status":"closed","ping_status":"closed","template":"","meta":{"footnotes":""},"class_list":["post-188","page","type-page","status-publish","hentry"],"_links":{"self":[{"href":"https:\/\/aleksimo.net\/index.php?rest_route=\/wp\/v2\/pages\/188","targetHints":{"allow":["GET"]}}],"collection":[{"href":"https:\/\/aleksimo.net\/index.php?rest_route=\/wp\/v2\/pages"}],"about":[{"href":"https:\/\/aleksimo.net\/index.php?rest_route=\/wp\/v2\/types\/page"}],"author":[{"embeddable":true,"href":"https:\/\/aleksimo.net\/index.php?rest_route=\/wp\/v2\/users\/1"}],"replies":[{"embeddable":true,"href":"https:\/\/aleksimo.net\/index.php?rest_route=%2Fwp%2Fv2%2Fcomments&post=188"}],"version-history":[{"count":2,"href":"https:\/\/aleksimo.net\/index.php?rest_route=\/wp\/v2\/pages\/188\/revisions"}],"predecessor-version":[{"id":190,"href":"https:\/\/aleksimo.net\/index.php?rest_route=\/wp\/v2\/pages\/188\/revisions\/190"}],"wp:attachment":[{"href":"https:\/\/aleksimo.net\/index.php?rest_route=%2Fwp%2Fv2%2Fmedia&parent=188"}],"curies":[{"name":"wp","href":"https:\/\/api.w.org\/{rel}","templated":true}]}}